{"id":448,"date":"2020-10-12T17:05:17","date_gmt":"2020-10-12T17:05:17","guid":{"rendered":"https:\/\/www.congeladosmh.com\/web\/?post_type=product&#038;p=448"},"modified":"2020-10-19T19:48:18","modified_gmt":"2020-10-19T19:48:18","slug":"yuca-en-trozos","status":"publish","type":"product","link":"https:\/\/congeladosmh.com\/%product-slug%\/yuca-en-trozos\/","title":{"rendered":"Yuca en trozos"},"content":{"rendered":"<table style=\"text-align: center;\" class=\"center\" width=\"527\" height=\"958\" bordercolor=\"#00000\" border=\"1\">\n<tbody>\n<tr>\n<td colspan=\"5\" width=\"435\"><strong>INFORMACI\u00d3N NUTRICIONAL<\/strong><\/td>\n<\/tr>\n<tr>\n<td colspan=\"5\" width=\"435\"><strong>Tama\u00f1o por raci\u00f3n<\/strong>: \u00bd taza (114g)<\/td>\n<\/tr>\n<tr>\n<td colspan=\"2\" width=\"201\"><strong>Calorias<\/strong> 191<\/td>\n<td colspan=\"3\" width=\"234\"><strong>Calorias de grasa<\/strong> 9<\/td>\n<\/tr>\n<tr>\n<td colspan=\"2\" width=\"201\"><\/td>\n<td colspan=\"3\" width=\"234\">% Valor Diario*<\/td>\n<\/tr>\n<tr>\n<td colspan=\"2\" width=\"201\">Total Grasa 1 g<\/td>\n<td colspan=\"3\" width=\"234\">2%<\/td>\n<\/tr>\n<tr>\n<td colspan=\"2\" width=\"201\">Grasa Trans 0 g<\/td>\n<td colspan=\"3\" width=\"234\">0%<\/td>\n<\/tr>\n<tr>\n<td colspan=\"2\" width=\"201\">Grasa Saturada 0.3 g<\/td>\n<td colspan=\"3\" width=\"234\">2%<\/td>\n<\/tr>\n<tr>\n<td colspan=\"2\" width=\"201\">Colesterol 0 mg<\/td>\n<td colspan=\"3\" width=\"234\">0%<\/td>\n<\/tr>\n<tr>\n<td colspan=\"2\" width=\"201\">Sodio 8 mg<\/td>\n<td colspan=\"3\" width=\"234\">0.3%<\/td>\n<\/tr>\n<tr>\n<td colspan=\"2\" width=\"201\">Carb. totales 44 g<\/td>\n<td colspan=\"3\" width=\"234\">15%<\/td>\n<\/tr>\n<tr>\n<td colspan=\"2\" width=\"201\">-Fibra Diet\u00e9tica 1.7 g<\/td>\n<td colspan=\"3\" width=\"234\">7%<\/td>\n<\/tr>\n<tr>\n<td colspan=\"2\" width=\"201\">Az\u00facares 500 mg<\/td>\n<td colspan=\"3\" width=\"234\"><\/td>\n<\/tr>\n<tr>\n<td colspan=\"2\" width=\"201\">Proteina 1.4 g<\/td>\n<td colspan=\"3\" width=\"234\"><\/td>\n<\/tr>\n<tr>\n<td colspan=\"3\" width=\"203\">Vitamina A 0%<\/td>\n<td colspan=\"2\" width=\"232\">Vitamina C 14%<\/td>\n<\/tr>\n<tr>\n<td colspan=\"3\" width=\"203\">Hierro 6%<\/td>\n<td colspan=\"2\" width=\"232\">Calcio 2.0%<\/td>\n<\/tr>\n<tr>\n<td colspan=\"5\" width=\"435\">*Los porcentajes de valores diarios est\u00e1n basados en una dieta de 2,000 calor\u00edas. Sus valores diarios pueden ser menores o mayores dependiendo de sus necesidades cal\u00f3ricas.<\/td>\n<\/tr>\n<tr>\n<td colspan=\"5\" width=\"435\"><strong>Calorias 2,000 2,500<\/strong><\/td>\n<\/tr>\n<tr>\n<td colspan=\"5\" width=\"435\">Grasa Total Menos de 65g 80g<\/td>\n<\/tr>\n<tr>\n<td colspan=\"5\" width=\"435\">Grasa sat. Menos de 20g 25g<\/td>\n<\/tr>\n<tr>\n<td colspan=\"5\" width=\"435\">Colesterol Menos de 300mg 300mg<\/td>\n<\/tr>\n<tr>\n<td colspan=\"5\" width=\"435\">Sodio Menos de 2,400mg 2,400mg<\/td>\n<\/tr>\n<tr>\n<td colspan=\"5\" width=\"435\">Carb. Total Menos de 300g 375g<\/p>\n<p>Fibra Diet\u00e9tica Menos de 25g 30g<\/td>\n<\/tr>\n<tr>\n<td colspan=\"5\" width=\"435\">Calor\u00edas por gramo:<\/td>\n<\/tr>\n<tr>\n<td width=\"134\"><strong>Grasa:<\/strong> 9<\/td>\n<td colspan=\"3\" width=\"140\"><strong>Carb.:<\/strong>4<\/td>\n<td width=\"161\"><strong>Prote\u00edna:<\/strong> 4<\/td>\n<\/tr>\n<\/tbody>\n<\/table>\n<p>&nbsp;<\/p>\n<table style=\"text-align: center;\" class=\"center\" width=\"531\" bordercolor=\"#00000\" border=\"1\">\n<tbody>\n<tr>\n<td colspan=\"3\" width=\"531\"><strong>Cantidad de cajas por contenedor:<\/strong><\/td>\n<\/tr>\n<tr>\n<td width=\"171\"><strong>Presentaci\u00f3n <\/strong><strong>(cada caja contiene:)<\/strong><\/td>\n<td width=\"180\"><strong>Contenedor a <\/strong><strong>Granel<\/strong><\/td>\n<td width=\"180\"><strong>Contenedor <\/strong><strong>Paletizado<\/strong><\/td>\n<\/tr>\n<tr>\n<td width=\"171\"><strong>5 bolsas de 5 lbs<\/strong><\/td>\n<td width=\"180\">1,750 cajas (8,750 bol)<\/td>\n<td width=\"180\">1,725 cajas (8,625 bol)<\/td>\n<\/tr>\n<tr>\n<td width=\"171\"><strong>12 bolsas de 2 lbs<\/strong><\/td>\n<td width=\"180\">1,815 cajas (21,780 bol)<\/td>\n<td width=\"180\">1,790 cajas (21,480 bol)<\/td>\n<\/tr>\n<tr>\n<td width=\"171\"><strong>12 bolsas de 24 onz<\/strong><\/td>\n<td width=\"180\">2,400 cajas(28,800 b)<\/td>\n<td width=\"180\">2,390 cajas (28,680 b)<\/td>\n<\/tr>\n<\/tbody>\n<\/table>\n<p>&nbsp;<\/p>\n","protected":false},"excerpt":{"rendered":"<p><strong>Nombre cientifico<\/strong>:<\/p>\n<p><u>(Manihot esculenta)<\/u><\/p>\n<p><strong>Descripci\u00f3n: <\/strong>Yuca sin c\u00e1scara partida en trozos de 3\u201d a 4 \u201c.<\/p>\n<p><strong>Temperatura:<\/strong> -10 \u00baF<\/p>\n<p><strong>Disponibilidad:<\/strong> Todo el a\u00f1o<\/p>\n<p><strong>Presentaciones de las bolsas:<\/strong><\/p>\n<ul>\n<li>-14 onz<\/li>\n<li>-1 libra<\/li>\n<li>-1.5 libras<\/li>\n<li>-5 libras<\/li>\n<li>-10 libras<\/li>\n<li>-40 libras<\/li>\n<\/ul>\n","protected":false},"featured_media":235,"template":"","meta":{"qubely_global_settings":"","qubely_interactions":""},"product_cat":[17],"product_tag":[],"_links":{"self":[{"href":"https:\/\/congeladosmh.com\/wp-json\/wp\/v2\/product\/448"}],"collection":[{"href":"https:\/\/congeladosmh.com\/wp-json\/wp\/v2\/product"}],"about":[{"href":"https:\/\/congeladosmh.com\/wp-json\/wp\/v2\/types\/product"}],"wp:featuredmedia":[{"embeddable":true,"href":"https:\/\/congeladosmh.com\/wp-json\/wp\/v2\/media\/235"}],"wp:attachment":[{"href":"https:\/\/congeladosmh.com\/wp-json\/wp\/v2\/media?parent=448"}],"wp:term":[{"taxonomy":"product_cat","embeddable":true,"href":"https:\/\/congeladosmh.com\/wp-json\/wp\/v2\/product_cat?post=448"},{"taxonomy":"product_tag","embeddable":true,"href":"https:\/\/congeladosmh.com\/wp-json\/wp\/v2\/product_tag?post=448"}],"curies":[{"name":"wp","href":"https:\/\/api.w.org\/{rel}","templated":true}]}}