{"id":321,"date":"2020-10-10T06:47:43","date_gmt":"2020-10-10T06:47:43","guid":{"rendered":"https:\/\/www.congeladosmh.com\/web\/?post_type=product&#038;p=321"},"modified":"2020-10-17T19:00:02","modified_gmt":"2020-10-17T19:00:02","slug":"sancocho-ajiaco","status":"publish","type":"product","link":"https:\/\/congeladosmh.com\/%product-slug%\/sancocho-ajiaco\/","title":{"rendered":"Sancocho (Ajiaco)"},"content":{"rendered":"<table style=\"text-align: center;\" class=\"center\" width=\"527\" height=\"958\" bordercolor=\"#00000\" border=\"1\">\n<tbody>\n<tr>\n<td colspan=\"6\" width=\"435\"><strong>INFORMACI\u00d3N NUTRICIONAL<\/strong><\/td>\n<\/tr>\n<tr>\n<td colspan=\"6\" width=\"435\"><strong>Tama\u00f1o por raci\u00f3n<\/strong>: 7 piezas (85g)<\/td>\n<\/tr>\n<tr>\n<td colspan=\"3\" width=\"208\"><strong>Calorias<\/strong> 100<\/td>\n<td colspan=\"3\" width=\"227\"><strong>Calorias de grasa<\/strong> 0<\/td>\n<\/tr>\n<tr>\n<td colspan=\"3\" width=\"208\"><\/td>\n<td colspan=\"3\" width=\"227\">% Valor Diario*<\/td>\n<\/tr>\n<tr>\n<td colspan=\"3\" width=\"208\">Total Grasa 0 g<\/td>\n<td colspan=\"3\" width=\"227\">0%<\/td>\n<\/tr>\n<tr>\n<td colspan=\"3\" width=\"208\">Grasa Trans 0 g<\/td>\n<td colspan=\"3\" width=\"227\">0%<\/td>\n<\/tr>\n<tr>\n<td colspan=\"3\" width=\"208\">Grasa Saturada    0 g<\/td>\n<td colspan=\"3\" width=\"227\">0%<\/td>\n<\/tr>\n<tr>\n<td colspan=\"3\" width=\"208\">Colesterol 0 mg<\/td>\n<td colspan=\"3\" width=\"227\">0%<\/td>\n<\/tr>\n<tr>\n<td colspan=\"3\" width=\"208\">Sodio 10 mg<\/td>\n<td colspan=\"3\" width=\"227\">0.3%<\/td>\n<\/tr>\n<tr>\n<td colspan=\"3\" width=\"208\">Carb. totales  20 g<\/td>\n<td colspan=\"3\" width=\"227\">8%<\/td>\n<\/tr>\n<tr>\n<td colspan=\"3\" width=\"208\">Fibra Diet\u00e9tica 2 g<\/td>\n<td colspan=\"3\" width=\"227\">10%<\/td>\n<\/tr>\n<tr>\n<td colspan=\"3\" width=\"208\">Az\u00facares 500 mg<\/td>\n<td colspan=\"3\" width=\"227\"><\/td>\n<\/tr>\n<tr>\n<td colspan=\"3\" width=\"208\">Proteina 1 g<\/td>\n<td colspan=\"3\" width=\"227\"><\/td>\n<\/tr>\n<tr>\n<td colspan=\"3\" width=\"208\">Vitamina A    2.0%<\/td>\n<td colspan=\"3\" width=\"227\">Vitamina C         25%<\/td>\n<\/tr>\n<tr>\n<td colspan=\"3\" width=\"208\">Calcio             2.0%<\/td>\n<td colspan=\"3\" width=\"227\">Hierro                  6%<\/td>\n<\/tr>\n<tr>\n<td colspan=\"6\" width=\"435\">*Los porcentajes de valores diarios est\u00e1n basados en una dieta de 2,000 calor\u00edas.  Sus valores diarios pueden ser menores o mayores dependiendo de sus necesidades cal\u00f3ricas.<\/td>\n<\/tr>\n<tr>\n<td width=\"121\"><strong>Calorias<\/strong><\/td>\n<td colspan=\"2\" width=\"87\"><strong> <\/strong><\/td>\n<td colspan=\"2\" width=\"82\"><strong>2,000<\/strong><\/td>\n<td width=\"145\"><strong>2,500<\/strong><\/td>\n<\/tr>\n<tr>\n<td width=\"121\">Grasa Total<\/td>\n<td colspan=\"2\" width=\"87\">Menos de<\/td>\n<td colspan=\"2\" width=\"82\">65g<\/td>\n<td width=\"145\">80g<\/td>\n<\/tr>\n<tr>\n<td width=\"121\">Grasa sat.<\/td>\n<td colspan=\"2\" width=\"87\">Menos de<\/td>\n<td colspan=\"2\" width=\"82\">20g<\/td>\n<td width=\"145\">25g<\/td>\n<\/tr>\n<tr>\n<td width=\"121\">Colesterol<\/td>\n<td colspan=\"2\" width=\"87\">Menos de<\/td>\n<td colspan=\"2\" width=\"82\">300mg<\/td>\n<td width=\"145\">300mg<\/td>\n<\/tr>\n<tr>\n<td width=\"121\">Sodio<\/td>\n<td colspan=\"2\" width=\"87\">Menos de<\/td>\n<td colspan=\"2\" width=\"82\">2,400mg<\/td>\n<td width=\"145\">2,400mg<\/td>\n<\/tr>\n<tr>\n<td width=\"121\">Carb. Total<\/td>\n<td colspan=\"2\" width=\"87\">Menos de<\/td>\n<td colspan=\"2\" width=\"82\">300g<\/td>\n<td width=\"145\">375g<\/td>\n<\/tr>\n<tr>\n<td width=\"121\">Fibra Diet\u00e9tica<\/td>\n<td colspan=\"2\" width=\"87\">Menos de<\/td>\n<td colspan=\"2\" width=\"82\">25g<\/td>\n<td width=\"145\">30g<\/td>\n<\/tr>\n<tr>\n<td colspan=\"4\" width=\"266\">Calor\u00edas por gramo:<\/td>\n<td colspan=\"2\" width=\"169\"><\/td>\n<\/tr>\n<tr>\n<td colspan=\"2\" width=\"128\"><strong>Grasa:<\/strong> 9<\/td>\n<td colspan=\"2\" width=\"138\"><strong>Carb.:<\/strong>4<\/td>\n<td colspan=\"2\" width=\"169\"><strong>Prote\u00edna:<\/strong> 4<\/td>\n<\/tr>\n<\/tbody>\n<\/table>\n<p>&nbsp;<\/p>\n<table style=\"text-align: center;\" class=\"center\" width=\"531\" bordercolor=\"#00000\" border=\"1\">\n<tbody>\n<tr>\n<td colspan=\"3\" width=\"531\"><strong>Cantidad de cajas por contenedor:<\/strong><\/td>\n<\/tr>\n<tr>\n<td width=\"171\"><strong>Presentaci\u00f3n <\/strong><strong>(cada caja contiene:)<\/strong><\/td>\n<td width=\"180\"><strong>Contenedor a <\/strong><strong>Granel<\/strong><\/td>\n<td width=\"180\"><strong>Contenedor <\/strong><strong>Paletizado<\/strong><\/td>\n<\/tr>\n<tr>\n<td width=\"171\"><strong>5 bolsas de 5 lbs<\/strong><\/td>\n<td width=\"180\">1,750 cajas (8,750 bol)<\/td>\n<td width=\"180\">1,725 cajas (8,625 bol)<\/td>\n<\/tr>\n<tr>\n<td width=\"171\"><strong>12 bolsas de 2 lbs<\/strong><\/td>\n<td width=\"180\">1,815 cajas (21,780 bol)<\/td>\n<td width=\"180\">1,790 cajas (21,480 bol)<\/td>\n<\/tr>\n<tr>\n<td width=\"171\"><strong>12 bolsas de 24 onz<\/strong><\/td>\n<td width=\"180\">2,400 cajas(28,800 b)<\/td>\n<td width=\"180\">2,390 cajas (28,680 b)<\/td>\n<\/tr>\n<\/tbody>\n<\/table>\n","protected":false},"excerpt":{"rendered":"<p><strong>Descripci\u00f3n: <\/strong>Mixto de verduras utilizado para hacer sopas y ajiacos.<br \/>\nLos ingredientes m\u00e1s comunes son: yuca, yaut\u00eda blanca, \u00f1ame, camote<br \/>\n(batata), ma\u00edz, zanahoria, ayote (calabaza) y pl\u00e1tano verde.<br \/>\nLa mezcla de ingredientes es propia de cada cliente as\u00ed como la<br \/>\ncantidad de cada uno de \u00e9stos componentes.<\/p>\n<p><strong>Temperatura:<\/strong> -10 \u00baF<\/p>\n<p><strong>Disponibilidad:<\/strong> Todo el a\u00f1o<\/p>\n<p><strong>Presentaciones:<\/strong><\/p>\n<ul>\n<li>-Bolsas de 24 onz<\/li>\n<li>-Bolsas de 2 libras<\/li>\n<li>-Bolsas de 5 libras<\/li>\n<\/ul>\n","protected":false},"featured_media":322,"template":"","meta":{"qubely_global_settings":"","qubely_interactions":""},"product_cat":[17],"product_tag":[],"_links":{"self":[{"href":"https:\/\/congeladosmh.com\/wp-json\/wp\/v2\/product\/321"}],"collection":[{"href":"https:\/\/congeladosmh.com\/wp-json\/wp\/v2\/product"}],"about":[{"href":"https:\/\/congeladosmh.com\/wp-json\/wp\/v2\/types\/product"}],"wp:featuredmedia":[{"embeddable":true,"href":"https:\/\/congeladosmh.com\/wp-json\/wp\/v2\/media\/322"}],"wp:attachment":[{"href":"https:\/\/congeladosmh.com\/wp-json\/wp\/v2\/media?parent=321"}],"wp:term":[{"taxonomy":"product_cat","embeddable":true,"href":"https:\/\/congeladosmh.com\/wp-json\/wp\/v2\/product_cat?post=321"},{"taxonomy":"product_tag","embeddable":true,"href":"https:\/\/congeladosmh.com\/wp-json\/wp\/v2\/product_tag?post=321"}],"curies":[{"name":"wp","href":"https:\/\/api.w.org\/{rel}","templated":true}]}}