{"id":272,"date":"2020-10-12T07:44:34","date_gmt":"2020-10-12T07:44:34","guid":{"rendered":"https:\/\/www.congeladosmh.com\/web\/?post_type=product&#038;p=272"},"modified":"2020-10-17T18:49:57","modified_gmt":"2020-10-17T18:49:57","slug":"yuca-en-slices","status":"publish","type":"product","link":"https:\/\/congeladosmh.com\/%product-slug%\/yuca-en-slices\/","title":{"rendered":"Yuca en slices"},"content":{"rendered":"<table class=\"center\" style=\"text-align: center;\" width=\"527\" height=\"958\" bordercolor=\"#00000\" border=\"1\">\n<tbody>\n<tr>\n<td colspan=\"7\" style=\"text-align: center;\" width=\"435\"><strong>INFORMACI\u00d3N NUTRICIONAL<\/strong><\/td>\n<\/tr>\n<tr>\n<td colspan=\"7\" style=\"text-align: center;\" width=\"435\"><strong>Tama\u00f1o por raci\u00f3n<\/strong>: \u00bd taza (114g)<\/td>\n<\/tr>\n<tr>\n<td colspan=\"3\" width=\"198\"><strong>Calorias<\/strong> 191<\/td>\n<td colspan=\"4\" style=\"text-align: center;\" width=\"237\"><strong>Calorias de grasa<\/strong> 9<\/td>\n<\/tr>\n<tr>\n<td colspan=\"3\" width=\"198\"><\/td>\n<td colspan=\"4\" style=\"text-align: center;\" width=\"237\">% Valor Diario*<\/td>\n<\/tr>\n<tr>\n<td colspan=\"3\" width=\"198\">Total Grasa 1 g<\/td>\n<td colspan=\"4\" style=\"text-align: center;\" width=\"237\">2%<\/td>\n<\/tr>\n<tr>\n<td colspan=\"3\" width=\"198\">Grasa Trans 0 g<\/td>\n<td colspan=\"4\" style=\"text-align: center;\" width=\"237\">0%<\/td>\n<\/tr>\n<tr>\n<td colspan=\"3\" width=\"198\">Grasa Saturada 0.3 g<\/td>\n<td colspan=\"4\" style=\"text-align: center;\" width=\"237\">2%<\/td>\n<\/tr>\n<tr>\n<td colspan=\"3\" width=\"198\">Colesterol 0 mg<\/td>\n<td colspan=\"4\" style=\"text-align: center;\" width=\"237\">0%<\/td>\n<\/tr>\n<tr>\n<td colspan=\"3\" width=\"198\">Sodio 8 mg<\/td>\n<td colspan=\"4\" style=\"text-align: center;\" width=\"237\">0.3%<\/td>\n<\/tr>\n<tr>\n<td colspan=\"3\" width=\"198\">Carb. totales 44 g<\/td>\n<td colspan=\"4\" style=\"text-align: center;\" width=\"237\">15%<\/td>\n<\/tr>\n<tr>\n<td colspan=\"3\" width=\"198\">Fibra Diet\u00e9tica 1.7 g<\/td>\n<td colspan=\"4\" style=\"text-align: center;\" width=\"237\">7%<\/td>\n<\/tr>\n<tr>\n<td colspan=\"3\" width=\"198\">Az\u00facares 500 mg<\/td>\n<td colspan=\"4\" width=\"237\"><\/td>\n<\/tr>\n<tr>\n<td colspan=\"3\" width=\"198\">Proteina 1.4 g<\/td>\n<td colspan=\"4\" width=\"237\"><\/td>\n<\/tr>\n<tr>\n<td colspan=\"3\" width=\"198\">Vitamina A 0%<\/td>\n<td colspan=\"4\" style=\"text-align: center;\" width=\"237\">Vitamina C 14%<\/td>\n<\/tr>\n<tr>\n<td colspan=\"3\" width=\"198\">Calcio 2.0%<\/td>\n<td colspan=\"4\" style=\"text-align: center;\" width=\"237\">Hierro 6%<\/td>\n<\/tr>\n<tr>\n<td colspan=\"7\" width=\"435\">*Los porcentajes de valores diarios est\u00e1n basados en una dieta de 2,000 calor\u00edas. Sus valores diarios pueden ser menores o mayores dependiendo de sus necesidades cal\u00f3ricas.<\/td>\n<\/tr>\n<tr>\n<td width=\"120\"><strong>Calorias<\/strong><\/td>\n<td colspan=\"3\" width=\"83\"><strong> <\/strong><\/td>\n<td colspan=\"2\" style=\"text-align: center;\" width=\"95\"><strong>2,000<\/strong><\/td>\n<td style=\"text-align: center;\" width=\"137\"><strong>2,500<\/strong><\/td>\n<\/tr>\n<tr>\n<td width=\"120\">Grasa Total<\/td>\n<td colspan=\"3\" width=\"83\">Menos de<\/td>\n<td colspan=\"2\" style=\"text-align: center;\" width=\"95\">65g<\/td>\n<td style=\"text-align: center;\" width=\"137\">80g<\/td>\n<\/tr>\n<tr>\n<td width=\"120\">Grasa sat.<\/td>\n<td colspan=\"3\" width=\"83\">Menos de<\/td>\n<td colspan=\"2\" style=\"text-align: center;\" width=\"95\">20g<\/td>\n<td style=\"text-align: center;\" width=\"137\">25g<\/td>\n<\/tr>\n<tr>\n<td width=\"120\">Colesterol<\/td>\n<td colspan=\"3\" width=\"83\">Menos de<\/td>\n<td colspan=\"2\" style=\"text-align: center;\" width=\"95\">300mg<\/td>\n<td style=\"text-align: center;\" width=\"137\">300mg<\/td>\n<\/tr>\n<tr>\n<td width=\"120\">Sodio<\/td>\n<td colspan=\"3\" width=\"83\">Menos de<\/td>\n<td colspan=\"2\" style=\"text-align: center;\" width=\"95\">2,400mg<\/td>\n<td style=\"text-align: center;\" width=\"137\">2,400mg<\/td>\n<\/tr>\n<tr>\n<td width=\"120\">Carb. Total<\/td>\n<td colspan=\"3\" width=\"83\">Menos de<\/td>\n<td colspan=\"2\" style=\"text-align: center;\" width=\"95\">300g<\/td>\n<td style=\"text-align: center;\" width=\"137\">375g<\/td>\n<\/tr>\n<tr>\n<td width=\"120\">Fibra Diet\u00e9tica<\/td>\n<td colspan=\"3\" width=\"83\">Menos de<\/td>\n<td colspan=\"2\" style=\"text-align: center;\" width=\"95\">25g<\/td>\n<td width=\"137\">30g<\/td>\n<\/tr>\n<tr>\n<td colspan=\"7\" width=\"435\">Calor\u00edas por gramo:<\/td>\n<\/tr>\n<tr>\n<td colspan=\"2\" width=\"123\"><strong>Grasa:<\/strong> 9<\/td>\n<td colspan=\"3\" width=\"145\"><strong>Carb.:<\/strong>4<\/td>\n<td colspan=\"2\" width=\"167\"><strong>Prote\u00edna:<\/strong> 4<\/td>\n<\/tr>\n<\/tbody>\n<\/table>\n<p>&nbsp;<\/p>\n<table style=\"text-align: center;\" class=\"center\" bordercolor=\"#00000\" border=\"1\">\n<tbody>\n<tr>\n<td colspan=\"3\" width=\"546\"><strong>Cantidad de cajas por contenedor:<\/strong><\/td>\n<\/tr>\n<tr>\n<td width=\"171\"><strong>Presentaci\u00f3n<\/strong><\/p>\n<p><strong>(cada caja contiene:)<\/strong><\/td>\n<td width=\"180\"><strong>Contenedor a<\/strong><\/p>\n<p><strong>Granel<\/strong><\/td>\n<td width=\"195\"><strong>Contenedor<\/strong><\/p>\n<p><strong>Paletizado<\/strong><\/td>\n<\/tr>\n<tr>\n<td width=\"171\"><strong>6 bolsas de 5 lbs<\/strong><\/td>\n<td width=\"180\">1,450 cajas (8,700 bol)<\/td>\n<td width=\"195\">1,440 cajas (8,640 bol)<\/td>\n<\/tr>\n<\/tbody>\n<\/table>\n","protected":false},"excerpt":{"rendered":"<p><strong>Nombre cientifico<\/strong>:<br \/>\n<u>(Manihot esculenta)<\/u><\/p>\n<p><strong>Descripci\u00f3n:\u00a0<\/strong>Yuca sin c\u00e1scara partida en trozos de 3\u201d a 4 \u201c de largo y 1 cm de ancho.\u00a0 Muy utilizado para freir y servir de acompa\u00f1amiento al estilo de las papas a la francesa.<\/p>\n<p>.<strong>Temperatura:<\/strong> -10 \u00baF<\/p>\n<p><strong>Disponibilidad:<\/strong> Todo el a\u00f1o<\/p>\n<p><strong>Presentaciones de las bolsas: <\/strong>-5 libras<\/p>\n","protected":false},"featured_media":273,"template":"","meta":{"qubely_global_settings":"","qubely_interactions":""},"product_cat":[17],"product_tag":[],"_links":{"self":[{"href":"https:\/\/congeladosmh.com\/wp-json\/wp\/v2\/product\/272"}],"collection":[{"href":"https:\/\/congeladosmh.com\/wp-json\/wp\/v2\/product"}],"about":[{"href":"https:\/\/congeladosmh.com\/wp-json\/wp\/v2\/types\/product"}],"wp:featuredmedia":[{"embeddable":true,"href":"https:\/\/congeladosmh.com\/wp-json\/wp\/v2\/media\/273"}],"wp:attachment":[{"href":"https:\/\/congeladosmh.com\/wp-json\/wp\/v2\/media?parent=272"}],"wp:term":[{"taxonomy":"product_cat","embeddable":true,"href":"https:\/\/congeladosmh.com\/wp-json\/wp\/v2\/product_cat?post=272"},{"taxonomy":"product_tag","embeddable":true,"href":"https:\/\/congeladosmh.com\/wp-json\/wp\/v2\/product_tag?post=272"}],"curies":[{"name":"wp","href":"https:\/\/api.w.org\/{rel}","templated":true}]}}