{"id":266,"date":"2020-10-09T07:37:34","date_gmt":"2020-10-09T07:37:34","guid":{"rendered":"https:\/\/www.congeladosmh.com\/web\/?post_type=product&#038;p=266"},"modified":"2020-10-19T20:08:03","modified_gmt":"2020-10-19T20:08:03","slug":"name","status":"publish","type":"product","link":"https:\/\/congeladosmh.com\/%product-slug%\/name\/","title":{"rendered":"\u00d1ame congelado"},"content":{"rendered":"<table style=\"text-align: center;\" class=\"center\" width=\"527\" height=\"958\" bordercolor=\"#00000\" border=\"1\">\n<tbody>\n<tr>\n<td colspan=\"7\" width=\"400\"><strong>INFORMACI\u00d3N NUTRICIONAL<\/strong><\/td>\n<\/tr>\n<tr>\n<td colspan=\"7\" width=\"400\"><strong>Tama\u00f1o por raci\u00f3n<\/strong>: 2 pedazos peque\u00f1os (117g)<\/td>\n<\/tr>\n<tr>\n<td colspan=\"3\" width=\"201\"><strong>Calorias<\/strong> 130<\/td>\n<td colspan=\"4\" width=\"199\"><strong>Calorias de grasa<\/strong> 0<\/td>\n<\/tr>\n<tr>\n<td colspan=\"3\" width=\"201\"><\/td>\n<td colspan=\"4\" width=\"199\">% Valor Diario*<\/td>\n<\/tr>\n<tr>\n<td colspan=\"3\" width=\"201\">Total Grasa 0 g<\/td>\n<td colspan=\"4\" width=\"199\">0%<\/td>\n<\/tr>\n<tr>\n<td colspan=\"3\" width=\"201\">Grasa Saturada 0 g<\/td>\n<td colspan=\"4\" width=\"199\">0%<\/td>\n<\/tr>\n<tr>\n<td colspan=\"3\" width=\"201\">Colesterol 0 mg<\/td>\n<td colspan=\"4\" width=\"199\">0%<\/td>\n<\/tr>\n<tr>\n<td colspan=\"3\" width=\"201\">Potasio 470 mg<\/td>\n<td colspan=\"4\" width=\"199\">0%<\/td>\n<\/tr>\n<tr>\n<td colspan=\"3\" width=\"201\">Sodio 30 mg<\/td>\n<td colspan=\"4\" width=\"199\">1%<\/td>\n<\/tr>\n<tr>\n<td colspan=\"3\" width=\"201\">Carb. totales 30 g<\/td>\n<td colspan=\"4\" width=\"199\">10%<\/td>\n<\/tr>\n<tr>\n<td colspan=\"3\" width=\"201\">Fibra Diet\u00e9tica 1 g<\/td>\n<td colspan=\"4\" width=\"199\">4%<\/td>\n<\/tr>\n<tr>\n<td colspan=\"3\" width=\"201\">Az\u00facares 2g<\/td>\n<td colspan=\"4\" width=\"199\"><\/td>\n<\/tr>\n<tr>\n<td colspan=\"3\" width=\"201\">Proteina 2 g<\/td>\n<td colspan=\"4\" width=\"199\"><\/td>\n<\/tr>\n<tr>\n<td colspan=\"3\" width=\"201\">Vitamina A 0%<\/td>\n<td colspan=\"4\" width=\"199\">Vitamina C 0%<\/td>\n<\/tr>\n<tr>\n<td colspan=\"3\" width=\"201\">Calcio 0%<\/td>\n<td colspan=\"4\" width=\"199\">Hierro 2%<\/td>\n<\/tr>\n<tr>\n<td colspan=\"7\" width=\"400\">*Los porcentajes de valores diarios est\u00e1n basados en una dieta de 2,000 calor\u00edas. Sus valores diarios pueden ser menores o mayores dependiendo de sus necesidades cal\u00f3ricas.<\/td>\n<\/tr>\n<tr>\n<td colspan=\"2\" width=\"113\"><strong>Calorias<\/strong><\/td>\n<td colspan=\"2\" width=\"93\"><strong> <\/strong><\/td>\n<td width=\"88\"><strong>2,000<\/strong><\/td>\n<td colspan=\"2\" width=\"106\"><strong>2,500<\/strong><\/td>\n<\/tr>\n<tr>\n<td colspan=\"2\" width=\"113\">Grasa Total<\/td>\n<td colspan=\"2\" width=\"93\">Menos de<\/td>\n<td width=\"88\">65g<\/td>\n<td colspan=\"2\" width=\"106\">80g<\/td>\n<\/tr>\n<tr>\n<td colspan=\"2\" width=\"113\">Grasa sat.<\/td>\n<td colspan=\"2\" width=\"93\">Menos de<\/td>\n<td width=\"88\">20g<\/td>\n<td colspan=\"2\" width=\"106\">25g<\/td>\n<\/tr>\n<tr>\n<td colspan=\"2\" width=\"113\">Colesterol<\/td>\n<td colspan=\"2\" width=\"93\">Menos de<\/td>\n<td width=\"88\">300mg<\/td>\n<td colspan=\"2\" width=\"106\">300mg<\/td>\n<\/tr>\n<tr>\n<td colspan=\"2\" width=\"113\">Sodio<\/td>\n<td colspan=\"2\" width=\"93\">Menos de<\/td>\n<td width=\"88\">2,400mg<\/td>\n<td colspan=\"2\" width=\"106\">2,400mg<\/td>\n<\/tr>\n<tr>\n<td colspan=\"2\" width=\"113\">Carb. Total<\/td>\n<td colspan=\"2\" width=\"93\">Menos de<\/td>\n<td width=\"88\">300g<\/td>\n<td colspan=\"2\" width=\"106\">375g<\/td>\n<\/tr>\n<tr>\n<td colspan=\"2\" width=\"113\">Fibra Diet\u00e9tica<\/td>\n<td colspan=\"2\" width=\"93\">Menos de<\/td>\n<td width=\"88\">25g<\/td>\n<td colspan=\"2\" width=\"106\">30g<\/td>\n<\/tr>\n<tr>\n<td colspan=\"2\" width=\"113\">Potasio<\/td>\n<td colspan=\"2\" width=\"93\">Menos de<\/td>\n<td width=\"88\">3,500mg<\/td>\n<td colspan=\"2\" width=\"106\">3,500mg<\/td>\n<\/tr>\n<tr>\n<td width=\"90\"><strong>Grasa:<\/strong> 9<\/td>\n<td colspan=\"5\" width=\"206\"><strong>Carbohidratos<\/strong>: 4<\/td>\n<td width=\"104\"><strong>Prote\u00edna<\/strong>:4<\/td>\n<\/tr>\n<\/tbody>\n<\/table>\n<p>&nbsp;<\/p>\n<table style=\"text-align: center;\" class=\"center\" width=\"531\" bordercolor=\"#00000\" border=\"1\">\n<tbody>\n<tr>\n<td colspan=\"3\" width=\"477\"><strong>Cantidad de cajas por contenedor:<\/strong><\/td>\n<\/tr>\n<tr>\n<td width=\"170\"><strong>Presentaci\u00f3n <\/strong><strong>(cada caja contiene:)<\/strong><\/td>\n<td width=\"169\"><strong>Contenedor a <\/strong><strong>Granel<\/strong><\/td>\n<td width=\"139\"><strong>Contenedor <\/strong><strong>Paletizado<\/strong><\/td>\n<\/tr>\n<tr>\n<td width=\"170\"><strong>5\/5 lbs<\/strong><\/td>\n<td width=\"169\">1,750 cajas<\/td>\n<td width=\"139\">1,730 cajas<\/td>\n<\/tr>\n<tr>\n<td width=\"170\"><strong>16\/24 onz<\/strong><\/td>\n<td width=\"169\">1,800 cajas<\/td>\n<td width=\"139\">1,780 cajas<\/td>\n<\/tr>\n<\/tbody>\n<\/table>\n","protected":false},"excerpt":{"rendered":"<p><strong><\/strong><strong>Nombre cientifico<\/strong>:<\/p>\n<p><u>(<\/u><span class=\"aCOpRe\"><span><u>Dioscorea spp)<\/u><\/span><\/span><\/p>\n<p><strong>Descripci\u00f3n: <\/strong>\u00d1ame pelado en trozos<\/p>\n<p><strong>Temperatura:<\/strong> -10 \u00baF<\/p>\n<p><strong>Disponibilidad:<\/strong> Todo el a\u00f1o<\/p>\n<p><strong>Presentaciones:<\/strong><\/p>\n<ul>\n<li>-Bolsas de 5 lbs<\/li>\n<li>-Bolsas de 24 onz<\/li>\n<\/ul>\n","protected":false},"featured_media":267,"template":"","meta":{"qubely_global_settings":"","qubely_interactions":""},"product_cat":[17],"product_tag":[],"_links":{"self":[{"href":"https:\/\/congeladosmh.com\/wp-json\/wp\/v2\/product\/266"}],"collection":[{"href":"https:\/\/congeladosmh.com\/wp-json\/wp\/v2\/product"}],"about":[{"href":"https:\/\/congeladosmh.com\/wp-json\/wp\/v2\/types\/product"}],"wp:featuredmedia":[{"embeddable":true,"href":"https:\/\/congeladosmh.com\/wp-json\/wp\/v2\/media\/267"}],"wp:attachment":[{"href":"https:\/\/congeladosmh.com\/wp-json\/wp\/v2\/media?parent=266"}],"wp:term":[{"taxonomy":"product_cat","embeddable":true,"href":"https:\/\/congeladosmh.com\/wp-json\/wp\/v2\/product_cat?post=266"},{"taxonomy":"product_tag","embeddable":true,"href":"https:\/\/congeladosmh.com\/wp-json\/wp\/v2\/product_tag?post=266"}],"curies":[{"name":"wp","href":"https:\/\/api.w.org\/{rel}","templated":true}]}}