{"id":262,"date":"2020-10-12T07:35:28","date_gmt":"2020-10-12T07:35:28","guid":{"rendered":"https:\/\/www.congeladosmh.com\/web\/?post_type=product&#038;p=262"},"modified":"2020-10-17T19:22:41","modified_gmt":"2020-10-17T19:22:41","slug":"hoja-de-yuca-molida","status":"publish","type":"product","link":"https:\/\/congeladosmh.com\/%product-slug%\/hoja-de-yuca-molida\/","title":{"rendered":"Hoja de yuca Molida"},"content":{"rendered":"<table style=\"text-align: center;\" class=\"center\" width=\"527\" height=\"958\" bordercolor=\"#00000\" border=\"1\">\n<tbody>\n<tr>\n<td colspan=\"6\" width=\"400\"><strong>INFORMACI\u00d3N NUTRICIONAL<\/strong><\/td>\n<\/tr>\n<tr>\n<td colspan=\"6\" width=\"400\"><strong>Tama\u00f1o por raci\u00f3n<\/strong>: (250g)<\/td>\n<\/tr>\n<tr>\n<td colspan=\"3\" width=\"199\"><strong>Calorias<\/strong> 190<\/td>\n<td colspan=\"3\" width=\"201\"><strong><\/strong><\/td>\n<\/tr>\n<tr>\n<td colspan=\"3\" width=\"199\"><\/td>\n<td colspan=\"3\" width=\"201\">% Valor Diario*<\/td>\n<\/tr>\n<tr>\n<td colspan=\"3\" width=\"199\">Total Grasa 3 g<\/td>\n<td colspan=\"3\" width=\"201\">0,6%<\/td>\n<\/tr>\n<tr>\n<td colspan=\"3\" width=\"199\">Grasa Saturada 0 g<\/td>\n<td colspan=\"3\" width=\"201\">0%<\/td>\n<\/tr>\n<tr>\n<td colspan=\"3\" width=\"199\">Colesterol 0 mg<\/td>\n<td colspan=\"3\" width=\"201\">0%<\/td>\n<\/tr>\n<tr>\n<td colspan=\"3\" width=\"199\">Potasio\u00a0 230 mg<\/td>\n<td colspan=\"3\" width=\"201\">11%<\/td>\n<\/tr>\n<tr>\n<td colspan=\"3\" width=\"199\">Carb. totales 34 g<\/td>\n<td colspan=\"3\" width=\"201\">32%<\/td>\n<\/tr>\n<tr>\n<td colspan=\"3\" width=\"199\">Fibra Diet\u00e9tica 8 g<\/td>\n<td colspan=\"3\" width=\"201\">7%<\/td>\n<\/tr>\n<tr>\n<td colspan=\"3\" width=\"199\">Az\u00facares 0g<\/td>\n<td colspan=\"3\" width=\"201\"><\/td>\n<\/tr>\n<tr>\n<td colspan=\"3\" width=\"199\">Proteina 18 g<\/td>\n<td colspan=\"3\" width=\"201\"><\/td>\n<\/tr>\n<tr>\n<td colspan=\"3\" width=\"199\">Vitamina A 0%<\/td>\n<td colspan=\"3\" width=\"201\">Vitamina C 190%<\/td>\n<\/tr>\n<tr>\n<td colspan=\"3\" width=\"199\">Calcio 60%<\/td>\n<td colspan=\"3\" width=\"201\">Hierro 70%<\/td>\n<\/tr>\n<tr>\n<td colspan=\"6\" width=\"400\">*Los porcentajes de valores diarios est\u00e1n basados en una dieta de 2,000 calor\u00edas. Sus valores diarios pueden ser menores o mayores dependiendo de sus necesidades cal\u00f3ricas.<\/td>\n<\/tr>\n<\/tbody>\n<\/table>\n<p>&nbsp;<\/p>\n","protected":false},"excerpt":{"rendered":"<p><strong>Nombre cient\u00edfico<\/strong>: <u>(Manihot esculenta)<\/u><\/p>\n<p><strong>Descripci\u00f3n: <\/strong>Hoja de yuca molida y congelada para consumo humano.<\/p>\n","protected":false},"featured_media":263,"template":"","meta":{"qubely_global_settings":"","qubely_interactions":""},"product_cat":[17],"product_tag":[],"_links":{"self":[{"href":"https:\/\/congeladosmh.com\/wp-json\/wp\/v2\/product\/262"}],"collection":[{"href":"https:\/\/congeladosmh.com\/wp-json\/wp\/v2\/product"}],"about":[{"href":"https:\/\/congeladosmh.com\/wp-json\/wp\/v2\/types\/product"}],"wp:featuredmedia":[{"embeddable":true,"href":"https:\/\/congeladosmh.com\/wp-json\/wp\/v2\/media\/263"}],"wp:attachment":[{"href":"https:\/\/congeladosmh.com\/wp-json\/wp\/v2\/media?parent=262"}],"wp:term":[{"taxonomy":"product_cat","embeddable":true,"href":"https:\/\/congeladosmh.com\/wp-json\/wp\/v2\/product_cat?post=262"},{"taxonomy":"product_tag","embeddable":true,"href":"https:\/\/congeladosmh.com\/wp-json\/wp\/v2\/product_tag?post=262"}],"curies":[{"name":"wp","href":"https:\/\/api.w.org\/{rel}","templated":true}]}}