{"id":254,"date":"2020-10-12T07:30:15","date_gmt":"2020-10-12T07:30:15","guid":{"rendered":"https:\/\/www.congeladosmh.com\/web\/?post_type=product&#038;p=254"},"modified":"2020-10-17T18:56:44","modified_gmt":"2020-10-17T18:56:44","slug":"masa-de-yuca","status":"publish","type":"product","link":"https:\/\/congeladosmh.com\/%product-slug%\/masa-de-yuca\/","title":{"rendered":"Masa de yuca"},"content":{"rendered":"<table style=\"text-align: center;\" class=\"center\" width=\"527\" height=\"958\" bordercolor=\"#00000\" border=\"1\">\n<tbody>\n<tr>\n<td colspan=\"6\" width=\"373\"><strong>INFORMACI\u00d3N NUTRICIONAL<\/strong><\/td>\n<\/tr>\n<tr>\n<td colspan=\"6\" width=\"373\"><strong>Tama\u00f1o por raci\u00f3n<\/strong>: \u00bd taza (114g)<\/td>\n<\/tr>\n<tr>\n<td colspan=\"3\" width=\"186\"><strong>Calorias<\/strong> 191<\/td>\n<td colspan=\"3\" width=\"188\"><strong>Calorias de grasa<\/strong> 9<\/td>\n<\/tr>\n<tr>\n<td colspan=\"3\" width=\"186\"><\/td>\n<td colspan=\"3\" width=\"188\">% Valor Diario*<\/td>\n<\/tr>\n<tr>\n<td colspan=\"3\" width=\"186\">Total Grasa 1 g<\/td>\n<td colspan=\"3\" width=\"188\">2%<\/td>\n<\/tr>\n<tr>\n<td colspan=\"3\" width=\"186\">Grasa Trans 0 g<\/td>\n<td colspan=\"3\" width=\"188\">0%<\/td>\n<\/tr>\n<tr>\n<td colspan=\"3\" width=\"186\">Grasa Saturada 0.3 g<\/td>\n<td colspan=\"3\" width=\"188\">2%<\/td>\n<\/tr>\n<tr>\n<td colspan=\"3\" width=\"186\">Colesterol 0 mg<\/td>\n<td colspan=\"3\" width=\"188\">0%<\/td>\n<\/tr>\n<tr>\n<td colspan=\"3\" width=\"186\">Sodio 8 mg<\/td>\n<td colspan=\"3\" width=\"188\">0.3%<\/td>\n<\/tr>\n<tr>\n<td colspan=\"3\" width=\"186\">Carb. totales 44 g<\/td>\n<td colspan=\"3\" width=\"188\">15%<\/td>\n<\/tr>\n<tr>\n<td colspan=\"3\" width=\"186\">Fibra Diet\u00e9tica 1.7 g<\/td>\n<td colspan=\"3\" width=\"188\">7%<\/td>\n<\/tr>\n<tr>\n<td colspan=\"3\" width=\"186\">Az\u00facares 500 mg<\/td>\n<td colspan=\"3\" width=\"188\"><\/td>\n<\/tr>\n<tr>\n<td colspan=\"3\" width=\"186\">Proteina 1.4 g<\/td>\n<td colspan=\"3\" width=\"188\"><\/td>\n<\/tr>\n<tr>\n<td colspan=\"3\" width=\"186\">Vitamina A 0%<\/td>\n<td colspan=\"3\" width=\"188\">Vitamina C 14%<\/td>\n<\/tr>\n<tr>\n<td colspan=\"3\" width=\"186\">Calcio 2.0%<\/td>\n<td colspan=\"3\" width=\"188\">Hierro 6%<\/td>\n<\/tr>\n<tr>\n<td colspan=\"6\" width=\"373\">*Los porcentajes de valores diarios est\u00e1n basados en una dieta de 2,000 calor\u00edas. Sus valores diarios pueden ser menores o mayores dependiendo de sus necesidades cal\u00f3ricas.<\/td>\n<\/tr>\n<tr>\n<td width=\"88\"><strong>Calorias<\/strong><\/td>\n<td colspan=\"2\" width=\"98\"><strong> <\/strong><\/td>\n<td colspan=\"2\" width=\"90\"><strong>2,000<\/strong><\/td>\n<td width=\"98\"><strong>2,500<\/strong><\/td>\n<\/tr>\n<tr>\n<td width=\"88\">Grasa Total<\/td>\n<td colspan=\"2\" width=\"98\">Menos de<\/td>\n<td colspan=\"2\" width=\"90\">65g<\/td>\n<td width=\"98\">80g<\/td>\n<\/tr>\n<tr>\n<td width=\"88\">Grasa sat.<\/td>\n<td colspan=\"2\" width=\"98\">Menos de<\/td>\n<td colspan=\"2\" width=\"90\">20g<\/td>\n<td width=\"98\">25g<\/td>\n<\/tr>\n<tr>\n<td width=\"88\">Colesterol<\/td>\n<td colspan=\"2\" width=\"98\">Menos de<\/td>\n<td colspan=\"2\" width=\"90\">300mg<\/td>\n<td width=\"98\">300mg<\/td>\n<\/tr>\n<tr>\n<td width=\"88\">Sodio<\/td>\n<td colspan=\"2\" width=\"98\">Menos de<\/td>\n<td colspan=\"2\" width=\"90\">2,400mg<\/td>\n<td width=\"98\">2,400mg<\/td>\n<\/tr>\n<tr>\n<td width=\"88\">Carb. Total<\/td>\n<td colspan=\"2\" width=\"98\">Menos de<\/td>\n<td colspan=\"2\" width=\"90\">300g<\/td>\n<td width=\"98\">375g<\/td>\n<\/tr>\n<tr>\n<td width=\"88\">Fibra Diet\u00e9tica<\/td>\n<td colspan=\"2\" width=\"98\">Menos de<\/td>\n<td colspan=\"2\" width=\"90\">25g<\/td>\n<td width=\"98\">30g<\/td>\n<\/tr>\n<tr>\n<td colspan=\"6\" width=\"373\">Calor\u00edas por gramo:<\/td>\n<\/tr>\n<tr>\n<td colspan=\"2\" width=\"128\"><strong>Grasa:<\/strong> 9<\/td>\n<td colspan=\"2\" width=\"125\"><strong>Carb.:<\/strong>4<\/td>\n<td colspan=\"2\" width=\"120\"><strong>Prote\u00edna:<\/strong> 4<\/td>\n<\/tr>\n<\/tbody>\n<\/table>\n<p>&nbsp;<\/p>\n<table style=\"text-align: center;\" class=\"center\" width=\"531\" bordercolor=\"#00000\" border=\"1\">\n<tbody>\n<tr>\n<td colspan=\"3\" width=\"531\"><strong>Cantidad de cajas por contenedor:<\/strong><\/td>\n<\/tr>\n<tr>\n<td width=\"171\"><strong>Presentaci\u00f3n<\/strong><\/p>\n<p><strong>(cada caja contiene:)<\/strong><\/td>\n<td width=\"180\"><strong>Contenedor a<\/strong><\/p>\n<p><strong>Granel<\/strong><\/td>\n<td width=\"180\"><strong>Contenedor<\/strong><\/p>\n<p><strong>Paletizado<\/strong><\/td>\n<\/tr>\n<tr>\n<td width=\"171\"><strong>6 bolsas de 5 lbs<\/strong><\/td>\n<td width=\"180\">1,450 cajas (8,700 bol)<\/td>\n<td width=\"180\">1,440 cajas (8,640 bol)<\/td>\n<\/tr>\n<tr>\n<td width=\"171\"><strong>12 bolsas de 1 Kg<\/strong><\/td>\n<td width=\"180\">1,650 cajas (19,800 bol)<\/td>\n<td width=\"180\">1,620 cajas (19,440 bol)<\/td>\n<\/tr>\n<\/tbody>\n<\/table>\n","protected":false},"excerpt":{"rendered":"<p><strong>Nombre cient\u00edfico<\/strong>:<br \/>\n<u>(Manihot esculenta)<\/u><\/p>\n<p><strong>Descripci\u00f3n: <\/strong>Yuca molida<\/p>\n<p><strong>Temperatura:<\/strong> -10 \u00baF<\/p>\n<p><strong>Disponibilidad:<\/strong> Todo el a\u00f1o<\/p>\n<p><strong>Presentaciones de las bolsas:<\/strong><\/p>\n<ul>\n<li>Bolsas de 5 libras<\/li>\n<li>Bolsas de 1 libra<\/li>\n<\/ul>\n","protected":false},"featured_media":255,"template":"","meta":{"qubely_global_settings":"","qubely_interactions":""},"product_cat":[17],"product_tag":[],"_links":{"self":[{"href":"https:\/\/congeladosmh.com\/wp-json\/wp\/v2\/product\/254"}],"collection":[{"href":"https:\/\/congeladosmh.com\/wp-json\/wp\/v2\/product"}],"about":[{"href":"https:\/\/congeladosmh.com\/wp-json\/wp\/v2\/types\/product"}],"wp:featuredmedia":[{"embeddable":true,"href":"https:\/\/congeladosmh.com\/wp-json\/wp\/v2\/media\/255"}],"wp:attachment":[{"href":"https:\/\/congeladosmh.com\/wp-json\/wp\/v2\/media?parent=254"}],"wp:term":[{"taxonomy":"product_cat","embeddable":true,"href":"https:\/\/congeladosmh.com\/wp-json\/wp\/v2\/product_cat?post=254"},{"taxonomy":"product_tag","embeddable":true,"href":"https:\/\/congeladosmh.com\/wp-json\/wp\/v2\/product_tag?post=254"}],"curies":[{"name":"wp","href":"https:\/\/api.w.org\/{rel}","templated":true}]}}