{"id":250,"date":"2020-10-09T07:27:18","date_gmt":"2020-10-09T07:27:18","guid":{"rendered":"https:\/\/www.congeladosmh.com\/web\/?post_type=product&#038;p=250"},"modified":"2020-10-19T20:12:11","modified_gmt":"2020-10-19T20:12:11","slug":"malanga-en-trozos","status":"publish","type":"product","link":"https:\/\/congeladosmh.com\/%product-slug%\/malanga-en-trozos\/","title":{"rendered":"Malanga en trozos"},"content":{"rendered":"<table style=\"text-align: center;\" class=\"center\" width=\"527\" height=\"958\" bordercolor=\"#00000\" border=\"1\">\n<tbody>\n<tr>\n<td colspan=\"6\" width=\"400\"><strong>INFORMACI\u00d3N NUTRICIONAL<\/strong><\/td>\n<\/tr>\n<tr>\n<td colspan=\"6\" width=\"400\"><strong>Tama\u00f1o por raci\u00f3n<\/strong>: (681g)<\/td>\n<\/tr>\n<tr>\n<td colspan=\"3\" width=\"199\"><strong>Calorias<\/strong> 640<\/td>\n<td colspan=\"3\" width=\"201\"><strong>Calorias de grasa<\/strong> 3,7<\/td>\n<\/tr>\n<tr>\n<td colspan=\"3\" width=\"199\"><\/td>\n<td colspan=\"3\" width=\"201\">% Valor Diario*<\/td>\n<\/tr>\n<tr>\n<td colspan=\"3\" width=\"199\">Total Grasa 0,41 g<\/td>\n<td colspan=\"3\" width=\"201\">0,6%<\/td>\n<\/tr>\n<tr>\n<td colspan=\"3\" width=\"199\">Grasa Saturada 0,26 g<\/td>\n<td colspan=\"3\" width=\"201\">1%<\/td>\n<\/tr>\n<tr>\n<td colspan=\"3\" width=\"199\">Colesterol 0 mg<\/td>\n<td colspan=\"3\" width=\"201\">0%<\/td>\n<\/tr>\n<tr>\n<td colspan=\"3\" width=\"199\">Sodio 21 mg<\/td>\n<td colspan=\"3\" width=\"201\">0,9%<\/td>\n<\/tr>\n<tr>\n<td colspan=\"3\" width=\"199\">Carb. totales 158 g<\/td>\n<td colspan=\"3\" width=\"201\">52,7%<\/td>\n<\/tr>\n<tr>\n<td colspan=\"3\" width=\"199\">Fibra Diet\u00e9tica 4,8 g<\/td>\n<td colspan=\"3\" width=\"201\">19%<\/td>\n<\/tr>\n<tr>\n<td colspan=\"3\" width=\"199\">Az\u00facares 33g<\/td>\n<td colspan=\"3\" width=\"201\"><\/td>\n<\/tr>\n<tr>\n<td colspan=\"3\" width=\"199\">Proteina 11,8 g<\/td>\n<td colspan=\"3\" width=\"201\"><\/td>\n<\/tr>\n<tr>\n<td colspan=\"3\" width=\"199\">Vitamina A 0%<\/td>\n<td colspan=\"3\" width=\"201\">Vitamina C 0%<\/td>\n<\/tr>\n<tr>\n<td colspan=\"3\" width=\"199\">Calcio 0%<\/td>\n<td colspan=\"3\" width=\"201\">Hierro 0,3%<\/td>\n<\/tr>\n<tr>\n<td colspan=\"6\" width=\"400\">*Los porcentajes de valores diarios est\u00e1n basados en una dieta de 2,000 calor\u00edas. Sus valores diarios pueden ser menores o mayores dependiendo de sus necesidades cal\u00f3ricas.<\/td>\n<\/tr>\n<tr>\n<td colspan=\"2\" width=\"113\"><strong>Calorias<\/strong><\/td>\n<td colspan=\"2\" width=\"94\"><strong> <\/strong><\/td>\n<td width=\"90\"><strong>2,000<\/strong><\/td>\n<td width=\"103\"><strong>2,500<\/strong><\/td>\n<\/tr>\n<tr>\n<td colspan=\"2\" width=\"113\">Grasa Total<\/td>\n<td colspan=\"2\" width=\"94\">Menos de<\/td>\n<td width=\"90\">65g<\/td>\n<td width=\"103\">80g<\/td>\n<\/tr>\n<tr>\n<td colspan=\"2\" width=\"113\">Grasa sat.<\/td>\n<td colspan=\"2\" width=\"94\">Menos de<\/td>\n<td width=\"90\">20g<\/td>\n<td width=\"103\">25g<\/td>\n<\/tr>\n<tr>\n<td colspan=\"2\" width=\"113\">Colesterol<\/td>\n<td colspan=\"2\" width=\"94\">Menos de<\/td>\n<td width=\"90\">300mg<\/td>\n<td width=\"103\">300mg<\/td>\n<\/tr>\n<tr>\n<td colspan=\"2\" width=\"113\">Sodio<\/td>\n<td colspan=\"2\" width=\"94\">Menos de<\/td>\n<td width=\"90\">2,400mg<\/td>\n<td width=\"103\">2,400mg<\/td>\n<\/tr>\n<tr>\n<td colspan=\"2\" width=\"113\">Carb. Total<\/td>\n<td colspan=\"2\" width=\"94\">Menos de<\/td>\n<td width=\"90\">300g<\/td>\n<td width=\"103\">375g<\/td>\n<\/tr>\n<tr>\n<td colspan=\"2\" width=\"113\">Fibra Diet\u00e9tica<\/td>\n<td colspan=\"2\" width=\"94\">Menos de<\/td>\n<td width=\"90\">25g<\/td>\n<td width=\"103\">30g<\/td>\n<\/tr>\n<tr>\n<td colspan=\"2\" width=\"113\">Potasio<\/td>\n<td colspan=\"2\" width=\"94\">Menos de<\/td>\n<td width=\"90\">3,500mg<\/td>\n<td width=\"103\">3,500mg<\/td>\n<\/tr>\n<tr>\n<td width=\"92\"><strong>Grasa:<\/strong> 9<\/td>\n<td colspan=\"4\" width=\"206\"><strong>Carbohidratos<\/strong>: 4<\/td>\n<td width=\"103\"><strong>Prote\u00edna<\/strong>:4<\/td>\n<\/tr>\n<\/tbody>\n<\/table>\n<p>&nbsp;<\/p>\n<table style=\"text-align: center;\" class=\"center\" width=\"531\" bordercolor=\"#00000\" border=\"1\">\n<tbody>\n<tr>\n<td colspan=\"3\" width=\"477\"><strong>Cantidad de cajas por contenedor:<\/strong><\/td>\n<\/tr>\n<tr>\n<td width=\"170\"><strong>Presentaci\u00f3n <\/strong><strong>(cada caja contiene:)<\/strong><\/td>\n<td width=\"169\"><strong>Contenedor a <\/strong><strong>Granel<\/strong><\/td>\n<td width=\"139\"><strong>Contenedor <\/strong><strong>Paletizado<\/strong><\/td>\n<\/tr>\n<tr>\n<td width=\"170\"><strong>5 bolsas de 5 lbs<\/strong><\/td>\n<td width=\"169\">1,750 cajas<\/td>\n<td width=\"139\">1,730 cajas<\/td>\n<\/tr>\n<tr>\n<td width=\"170\"><strong>16 bolsas de 24 onz<\/strong><\/td>\n<td width=\"169\">1,800 cajas<\/td>\n<td width=\"139\">1,780 cajas<\/td>\n<\/tr>\n<\/tbody>\n<\/table>\n","protected":false},"excerpt":{"rendered":"<p><strong>Nombre cient\u00edfico<\/strong>: <u>(<\/u><span class=\"aCOpRe\"><span><u>Xanthonoma sagittifolium)<\/u><\/span><\/span><\/p>\n<p><strong>Descripci\u00f3n:<\/strong>(Conocido en Puerto Rico como yaut\u00eda blanca y en Estados Unidos como \u201cwhite malanga\u201d o \u201cwhite dashing\u201d):<\/p>\n<p>En trozos, empacado en diferentes presentaciones, listo para cocinar y servir<\/p>\n<p><strong>Temperatura:<\/strong> -10 \u00baF<\/p>\n<p><strong>Presentaciones:<\/strong><\/p>\n<ul>\n<li>-Bolsas de 5 lbs<\/li>\n<li>-Bolsas de 24 onz<\/li>\n<\/ul>\n<p>&nbsp;<\/p>\n","protected":false},"featured_media":251,"template":"","meta":{"qubely_global_settings":"","qubely_interactions":""},"product_cat":[17],"product_tag":[],"_links":{"self":[{"href":"https:\/\/congeladosmh.com\/wp-json\/wp\/v2\/product\/250"}],"collection":[{"href":"https:\/\/congeladosmh.com\/wp-json\/wp\/v2\/product"}],"about":[{"href":"https:\/\/congeladosmh.com\/wp-json\/wp\/v2\/types\/product"}],"wp:featuredmedia":[{"embeddable":true,"href":"https:\/\/congeladosmh.com\/wp-json\/wp\/v2\/media\/251"}],"wp:attachment":[{"href":"https:\/\/congeladosmh.com\/wp-json\/wp\/v2\/media?parent=250"}],"wp:term":[{"taxonomy":"product_cat","embeddable":true,"href":"https:\/\/congeladosmh.com\/wp-json\/wp\/v2\/product_cat?post=250"},{"taxonomy":"product_tag","embeddable":true,"href":"https:\/\/congeladosmh.com\/wp-json\/wp\/v2\/product_tag?post=250"}],"curies":[{"name":"wp","href":"https:\/\/api.w.org\/{rel}","templated":true}]}}