{"id":104,"date":"2020-10-05T01:46:13","date_gmt":"2020-10-05T01:46:13","guid":{"rendered":"https:\/\/www.congeladosmh.com\/web\/?page_id=104"},"modified":"2020-10-21T22:10:22","modified_gmt":"2020-10-21T22:10:22","slug":"edicion-agricola","status":"publish","type":"page","link":"https:\/\/congeladosmh.com\/edicion-agricola\/","title":{"rendered":"Edici\u00f3n Agr\u00edcola"},"content":{"rendered":"<p>[vc_row][vc_column width=&#8221;1\/4&#8243; css=&#8221;.vc_custom_1602621919828{margin-bottom: 20px !important;margin-left: 20px !important;}&#8221;][vc_single_image image=&#8221;336&#8243; img_size=&#8221;300&#215;500&#8243;][\/vc_column][vc_column width=&#8221;3\/4&#8243; css=&#8221;.vc_custom_1602623401041{margin-right: 20px !important;margin-left: 20px !important;}&#8221;][vc_column_text css=&#8221;.vc_custom_1602623640918{margin-right: 5px !important;}&#8221;]En Monte Herm\u00f3n ha realizado esfuerzos en el \u00e1rea de la investigaci\u00f3n y desarrollo en el cultivo de la yuca. Como fruto de \u00e9ste esfuerzo, somos miembros de\u00a0 la C\u00e1mara de exportadores de ra\u00edces y tub\u00e9rculos (CERYT) y de Magic Roots.<\/p>\r\n<p>Tambi\u00e9n hemos logrado mecanizar todo el proceso de campo del cultivo de la yuca: mecanizaci\u00f3n, encamado, cultivador mec\u00e1nico y qu\u00edmico, siembra, despunte y cosecha del producto.<\/p>\r\n<p>Hemos incursionado tambi\u00e9n en el cultivo de pl\u00e1tano, ayote (calabaza), camote (batata, sweet potatoes), y ma\u00edz dulce amarillo, que nos permite hacer toda la rastreabilidad de los mismos, as\u00ed como la inocuidad.<\/p>\r\n<p>Ver presentaci\u00f3n: <span style=\"color: #000080;\"><strong><a href=\"https:\/\/congeladosmh.com\/wp-content\/uploads\/2020\/10\/Raices-y-Tuberculos-Propiedades-Nutricionales.pptx\" style=\"color: #000080;\">Ra\u00edces y Tub\u00e9rculos Propiedades Nutricionales<\/a><\/strong><\/span><\/p>\r\n<p>\u00a0[\/vc_column_text][vc_gallery type=&#8221;image_grid&#8221; images=&#8221;338,339,337,330,331,332,333,334,335,340&#8243; css=&#8221;.vc_custom_1602605754250{margin-bottom: 30px !important;}&#8221;][\/vc_column][\/vc_row][vc_row][vc_column width=&#8221;1\/3&#8243;][vc_column_text]<\/p>\r\n<p><a href=\"https:\/\/www.congeladosmh.com\/wp-content\/uploads\/2020\/10\/despuntadora-DE-YUCA.mp4\" target=\"_blank\" rel=\"noopener noreferrer\"><strong>Despuntadora de Yuca<\/strong><\/a><\/p>\r\n<div style=\"width: 640px;\" class=\"wp-video\"><!--[if lt IE 9]><script>document.createElement('video');<\/script><![endif]-->\n<video class=\"wp-video-shortcode\" id=\"video-104-1\" width=\"640\" height=\"480\" preload=\"metadata\" controls=\"controls\"><source type=\"video\/mp4\" src=\"https:\/\/www.congeladosmh.com\/wp-content\/uploads\/2020\/10\/despuntadora-DE-YUCA.mp4?_=1\" \/><a href=\"https:\/\/www.congeladosmh.com\/wp-content\/uploads\/2020\/10\/despuntadora-DE-YUCA.mp4\">https:\/\/www.congeladosmh.com\/wp-content\/uploads\/2020\/10\/despuntadora-DE-YUCA.mp4<\/a><\/video><\/div>\r\n<p>&nbsp;<\/p>\r\n<p><strong>Encamadora 2 camas<\/strong><\/p>\r\n<div style=\"width: 640px;\" class=\"wp-video\"><video class=\"wp-video-shortcode\" id=\"video-104-2\" width=\"640\" height=\"480\" preload=\"metadata\" controls=\"controls\"><source type=\"video\/mp4\" src=\"https:\/\/www.congeladosmh.com\/wp-content\/uploads\/2020\/10\/encamadora-2-camas.mp4?_=2\" \/><a href=\"https:\/\/www.congeladosmh.com\/wp-content\/uploads\/2020\/10\/encamadora-2-camas.mp4\">https:\/\/www.congeladosmh.com\/wp-content\/uploads\/2020\/10\/encamadora-2-camas.mp4<\/a><\/video><\/div>\r\n<p>&nbsp;<\/p>\r\n<p><strong>Encamadora criolla 2 camas<\/strong><\/p>\r\n<div style=\"width: 640px;\" class=\"wp-video\"><video class=\"wp-video-shortcode\" id=\"video-104-3\" width=\"640\" height=\"480\" preload=\"metadata\" controls=\"controls\"><source type=\"video\/mp4\" src=\"https:\/\/www.congeladosmh.com\/wp-content\/uploads\/2020\/10\/encamadora-criolla-2-camas.mp4?_=3\" \/><a href=\"https:\/\/www.congeladosmh.com\/wp-content\/uploads\/2020\/10\/encamadora-criolla-2-camas.mp4\">https:\/\/www.congeladosmh.com\/wp-content\/uploads\/2020\/10\/encamadora-criolla-2-camas.mp4<\/a><\/video><\/div>\r\n<p>[\/vc_column_text][\/vc_column][vc_column width=&#8221;1\/3&#8243;][vc_column_text]<\/p>\r\n<p><strong>Sembradora 4 lineas FINAL<\/strong><\/p>\r\n<div style=\"width: 640px;\" class=\"wp-video\"><video class=\"wp-video-shortcode\" id=\"video-104-4\" width=\"640\" height=\"480\" preload=\"metadata\" controls=\"controls\"><source type=\"video\/mp4\" src=\"https:\/\/www.congeladosmh.com\/wp-content\/uploads\/2020\/10\/sembradora-4-lineas-FINAL.mp4?_=4\" \/><a href=\"https:\/\/www.congeladosmh.com\/wp-content\/uploads\/2020\/10\/sembradora-4-lineas-FINAL.mp4\">https:\/\/www.congeladosmh.com\/wp-content\/uploads\/2020\/10\/sembradora-4-lineas-FINAL.mp4<\/a><\/video><\/div>\r\n<p>&nbsp;<\/p>\r\n<p><strong>Cultivador Mec\u00e1nico<\/strong><\/p>\r\n<div style=\"width: 640px;\" class=\"wp-video\"><video class=\"wp-video-shortcode\" id=\"video-104-5\" width=\"640\" height=\"480\" preload=\"metadata\" controls=\"controls\"><source type=\"video\/mp4\" src=\"https:\/\/www.congeladosmh.com\/wp-content\/uploads\/2020\/10\/Cultivador-MECANICO.mp4?_=5\" \/><a href=\"https:\/\/www.congeladosmh.com\/wp-content\/uploads\/2020\/10\/Cultivador-MECANICO.mp4\">https:\/\/www.congeladosmh.com\/wp-content\/uploads\/2020\/10\/Cultivador-MECANICO.mp4<\/a><\/video><\/div>\r\n<p>&nbsp;<\/p>\r\n<p><strong>Cultivador quimico<\/strong><\/p>\r\n<div style=\"width: 640px;\" class=\"wp-video\"><video class=\"wp-video-shortcode\" id=\"video-104-6\" width=\"640\" height=\"480\" preload=\"metadata\" controls=\"controls\"><source type=\"video\/mp4\" src=\"https:\/\/www.congeladosmh.com\/wp-content\/uploads\/2020\/10\/cultivador-quimico.mp4?_=6\" \/><a href=\"https:\/\/www.congeladosmh.com\/wp-content\/uploads\/2020\/10\/cultivador-quimico.mp4\">https:\/\/www.congeladosmh.com\/wp-content\/uploads\/2020\/10\/cultivador-quimico.mp4<\/a><\/video><\/div>\r\n<p>[\/vc_column_text][\/vc_column][vc_column width=&#8221;1\/3&#8243;][vc_column_text]<\/p>\r\n<p><strong>Sembradora 4 lineas-INICIO<\/strong><\/p>\r\n<div style=\"width: 640px;\" class=\"wp-video\"><video class=\"wp-video-shortcode\" id=\"video-104-7\" width=\"640\" height=\"480\" preload=\"metadata\" controls=\"controls\"><source type=\"video\/mp4\" src=\"https:\/\/www.congeladosmh.com\/wp-content\/uploads\/2020\/10\/sembradora-4-lineas-INICIO.mp4?_=7\" \/><a href=\"https:\/\/www.congeladosmh.com\/wp-content\/uploads\/2020\/10\/sembradora-4-lineas-INICIO.mp4\">https:\/\/www.congeladosmh.com\/wp-content\/uploads\/2020\/10\/sembradora-4-lineas-INICIO.mp4<\/a><\/video><\/div>\r\n<p>&nbsp;<\/p>\r\n<p><strong>Encamadora 4 camas<\/strong><\/p>\r\n<div style=\"width: 640px;\" class=\"wp-video\"><video class=\"wp-video-shortcode\" id=\"video-104-8\" width=\"640\" height=\"480\" preload=\"metadata\" controls=\"controls\"><source type=\"video\/mp4\" src=\"https:\/\/www.congeladosmh.com\/wp-content\/uploads\/2020\/10\/encamadora-4-CAMAS.mp4?_=8\" \/><a href=\"https:\/\/www.congeladosmh.com\/wp-content\/uploads\/2020\/10\/encamadora-4-CAMAS.mp4\">https:\/\/www.congeladosmh.com\/wp-content\/uploads\/2020\/10\/encamadora-4-CAMAS.mp4<\/a><\/video><\/div>\r\n<p>&nbsp;<\/p>\r\n<p><strong>Cosechador de yuca<\/strong><\/p>\r\n<div style=\"width: 320px;\" class=\"wp-video\"><video class=\"wp-video-shortcode\" id=\"video-104-9\" width=\"320\" height=\"240\" preload=\"metadata\" controls=\"controls\"><source type=\"video\/mp4\" src=\"https:\/\/www.congeladosmh.com\/wp-content\/uploads\/2020\/10\/cosechador-de-yuca.mp4?_=9\" \/><a href=\"https:\/\/www.congeladosmh.com\/wp-content\/uploads\/2020\/10\/cosechador-de-yuca.mp4\">https:\/\/www.congeladosmh.com\/wp-content\/uploads\/2020\/10\/cosechador-de-yuca.mp4<\/a><\/video><\/div>\r\n<p>&nbsp;<\/p>\r\n<p>[\/vc_column_text][\/vc_column][\/vc_row]<\/p>","protected":false},"excerpt":{"rendered":"<p>[vc_row][vc_column width=&#8221;1\/4&#8243; css=&#8221;.vc_custom_1602621919828{margin-bottom: 20px !important;margin-left: 20px !important;}&#8221;][vc_single_image image=&#8221;336&#8243; img_size=&#8221;300&#215;500&#8243;][\/vc_column][vc_column width=&#8221;3\/4&#8243; css=&#8221;.vc_custom_1602623401041{margin-right: 20px !important;margin-left: 20px !important;}&#8221;][vc_column_text css=&#8221;.vc_custom_1602623640918{margin-right: 5px !important;}&#8221;]En Monte Herm\u00f3n ha realizado esfuerzos en el \u00e1rea de la investigaci\u00f3n y desarrollo en el cultivo de la yuca. Como fruto de \u00e9ste esfuerzo, somos miembros de\u00a0 la C\u00e1mara de exportadores de [&hellip;]<\/p>\n","protected":false},"author":2,"featured_media":0,"parent":0,"menu_order":0,"comment_status":"closed","ping_status":"closed","template":"","meta":{"qubely_global_settings":"","qubely_interactions":""},"_links":{"self":[{"href":"https:\/\/congeladosmh.com\/wp-json\/wp\/v2\/pages\/104"}],"collection":[{"href":"https:\/\/congeladosmh.com\/wp-json\/wp\/v2\/pages"}],"about":[{"href":"https:\/\/congeladosmh.com\/wp-json\/wp\/v2\/types\/page"}],"author":[{"embeddable":true,"href":"https:\/\/congeladosmh.com\/wp-json\/wp\/v2\/users\/2"}],"replies":[{"embeddable":true,"href":"https:\/\/congeladosmh.com\/wp-json\/wp\/v2\/comments?post=104"}],"version-history":[{"count":4,"href":"https:\/\/congeladosmh.com\/wp-json\/wp\/v2\/pages\/104\/revisions"}],"predecessor-version":[{"id":541,"href":"https:\/\/congeladosmh.com\/wp-json\/wp\/v2\/pages\/104\/revisions\/541"}],"wp:attachment":[{"href":"https:\/\/congeladosmh.com\/wp-json\/wp\/v2\/media?parent=104"}],"curies":[{"name":"wp","href":"https:\/\/api.w.org\/{rel}","templated":true}]}}